{"id":97,"date":"2023-09-05T18:40:06","date_gmt":"2023-09-05T18:40:06","guid":{"rendered":"https:\/\/casaelalto.com\/?page_id=97"},"modified":"2025-11-11T00:02:27","modified_gmt":"2025-11-11T00:02:27","slug":"cocina","status":"publish","type":"page","link":"https:\/\/casaelalto.com\/en\/cocina\/","title":{"rendered":"Kitchen"},"content":{"rendered":"<p class=\"has-text-align-center\">We have a beautiful, elegantly rustic, and fully equipped kitchen. It has everything you need to prepare your meals. It's small so as not to take up too much space in the cabin, but comfortable and well-proportioned.<\/p>\n\n\n\n<p class=\"has-text-align-center\">In our kitchen you can prepare your food comfortably, you will have all the necessary utensils available so that you can do it in the way you like best.<\/p>\n\n\n\n<p>The kitchen of <strong>Casa Elalto Panama<\/strong> has:<\/p>\n\n\n\n<ul class=\"wp-block-list\">\n<li>Mini Fridge: <\/li>\n\n\n\n<li>Built-in stove<\/li>\n\n\n\n<li>coffee maker<\/li>\n\n\n\n<li>Microwave<\/li>\n\n\n\n<li>Blender<\/li>\n\n\n\n<li>Electric fryer<\/li>\n\n\n\n<li>Platos<\/li>\n\n\n\n<li>Glasses<\/li>\n\n\n\n<li>Cups<\/li>\n<\/ul>\n\n\n\n<p><\/p>\n\n\n\n<figure class=\"wp-block-gallery has-nested-images columns-default is-cropped wp-block-gallery-1 is-layout-flex wp-block-gallery-is-layout-flex\">\n<figure class=\"wp-block-image size-large\"><img loading=\"lazy\" decoding=\"async\" width=\"1024\" height=\"683\" data-id=\"51\" src=\"https:\/\/casaelalto.com\/wp-content\/uploads\/2023\/08\/cosina-1024x683.jpg\" alt=\"\" class=\"wp-image-51\" srcset=\"https:\/\/casaelalto.com\/wp-content\/uploads\/2023\/08\/cosina-1024x683.jpg 1024w, https:\/\/casaelalto.com\/wp-content\/uploads\/2023\/08\/cosina-300x200.jpg 300w, https:\/\/casaelalto.com\/wp-content\/uploads\/2023\/08\/cosina-768x512.jpg 768w, https:\/\/casaelalto.com\/wp-content\/uploads\/2023\/08\/cosina-1536x1024.jpg 1536w, https:\/\/casaelalto.com\/wp-content\/uploads\/2023\/08\/cosina-380x254.jpg 380w, https:\/\/casaelalto.com\/wp-content\/uploads\/2023\/08\/cosina.jpg 2048w\" sizes=\"(max-width: 1024px) 100vw, 1024px\" \/><\/figure>\n\n\n\n<figure class=\"wp-block-image size-large\"><img loading=\"lazy\" decoding=\"async\" width=\"1024\" height=\"683\" data-id=\"679\" src=\"https:\/\/casaelalto.com\/wp-content\/uploads\/2025\/11\/481606066.jpg\" alt=\"\" class=\"wp-image-679\" srcset=\"https:\/\/casaelalto.com\/wp-content\/uploads\/2025\/11\/481606066.jpg 1024w, https:\/\/casaelalto.com\/wp-content\/uploads\/2025\/11\/481606066-300x200.jpg 300w, https:\/\/casaelalto.com\/wp-content\/uploads\/2025\/11\/481606066-768x512.jpg 768w, https:\/\/casaelalto.com\/wp-content\/uploads\/2025\/11\/481606066-18x12.jpg 18w\" sizes=\"(max-width: 1024px) 100vw, 1024px\" \/><\/figure>\n\n\n\n<figure class=\"wp-block-image size-large\"><img loading=\"lazy\" decoding=\"async\" width=\"1024\" height=\"683\" data-id=\"678\" src=\"https:\/\/casaelalto.com\/wp-content\/uploads\/2025\/11\/647166543.jpg\" alt=\"\" class=\"wp-image-678\" srcset=\"https:\/\/casaelalto.com\/wp-content\/uploads\/2025\/11\/647166543.jpg 1024w, https:\/\/casaelalto.com\/wp-content\/uploads\/2025\/11\/647166543-300x200.jpg 300w, https:\/\/casaelalto.com\/wp-content\/uploads\/2025\/11\/647166543-768x512.jpg 768w, https:\/\/casaelalto.com\/wp-content\/uploads\/2025\/11\/647166543-18x12.jpg 18w\" sizes=\"(max-width: 1024px) 100vw, 1024px\" \/><\/figure>\n\n\n\n<figure class=\"wp-block-image size-large\"><img loading=\"lazy\" decoding=\"async\" width=\"1024\" height=\"683\" data-id=\"677\" src=\"https:\/\/casaelalto.com\/wp-content\/uploads\/2025\/11\/647166559.jpg\" alt=\"\" class=\"wp-image-677\" srcset=\"https:\/\/casaelalto.com\/wp-content\/uploads\/2025\/11\/647166559.jpg 1024w, https:\/\/casaelalto.com\/wp-content\/uploads\/2025\/11\/647166559-300x200.jpg 300w, https:\/\/casaelalto.com\/wp-content\/uploads\/2025\/11\/647166559-768x512.jpg 768w, https:\/\/casaelalto.com\/wp-content\/uploads\/2025\/11\/647166559-18x12.jpg 18w\" sizes=\"(max-width: 1024px) 100vw, 1024px\" \/><\/figure>\n\n\n\n<figure class=\"wp-block-image size-large\"><img loading=\"lazy\" decoding=\"async\" width=\"1024\" height=\"683\" data-id=\"680\" src=\"https:\/\/casaelalto.com\/wp-content\/uploads\/2025\/11\/647166566.jpg\" alt=\"\" class=\"wp-image-680\" srcset=\"https:\/\/casaelalto.com\/wp-content\/uploads\/2025\/11\/647166566.jpg 1024w, https:\/\/casaelalto.com\/wp-content\/uploads\/2025\/11\/647166566-300x200.jpg 300w, https:\/\/casaelalto.com\/wp-content\/uploads\/2025\/11\/647166566-768x512.jpg 768w, https:\/\/casaelalto.com\/wp-content\/uploads\/2025\/11\/647166566-18x12.jpg 18w\" sizes=\"(max-width: 1024px) 100vw, 1024px\" \/><\/figure>\n<\/figure>","protected":false},"excerpt":{"rendered":"<p>Contamos con una muy bonita, elegantemente rustica y completa cocina. Con todo lo que necesitas para preparar tus alimentos. Peque\u00f1a para no adsorber el espacio de la caba\u00f1a pero c\u00f3moda y bien proporcionada. En nuestra cocina podr\u00e1s preparar tus alimentos c\u00f3modamente, tendr\u00e1s disponible todos los utensilios necesarios para que lo hagas de la forma que &hellip; <\/p>\n<p class=\"link-more\"><a href=\"https:\/\/casaelalto.com\/en\/cocina\/\" class=\"more-link\">Continue reading<span class=\"screen-reader-text\"> \u00abCocina\u00bb<\/span><\/a><\/p>","protected":false},"author":1,"featured_media":0,"parent":0,"menu_order":0,"comment_status":"closed","ping_status":"closed","template":"","meta":{"footnotes":""},"class_list":["post-97","page","type-page","status-publish","hentry"],"_links":{"self":[{"href":"https:\/\/casaelalto.com\/en\/wp-json\/wp\/v2\/pages\/97"}],"collection":[{"href":"https:\/\/casaelalto.com\/en\/wp-json\/wp\/v2\/pages"}],"about":[{"href":"https:\/\/casaelalto.com\/en\/wp-json\/wp\/v2\/types\/page"}],"author":[{"embeddable":true,"href":"https:\/\/casaelalto.com\/en\/wp-json\/wp\/v2\/users\/1"}],"replies":[{"embeddable":true,"href":"https:\/\/casaelalto.com\/en\/wp-json\/wp\/v2\/comments?post=97"}],"version-history":[{"count":5,"href":"https:\/\/casaelalto.com\/en\/wp-json\/wp\/v2\/pages\/97\/revisions"}],"predecessor-version":[{"id":681,"href":"https:\/\/casaelalto.com\/en\/wp-json\/wp\/v2\/pages\/97\/revisions\/681"}],"wp:attachment":[{"href":"https:\/\/casaelalto.com\/en\/wp-json\/wp\/v2\/media?parent=97"}],"curies":[{"name":"wp","href":"https:\/\/api.w.org\/{rel}","templated":true}]}}