{"id":90,"date":"2023-09-05T18:17:53","date_gmt":"2023-09-05T18:17:53","guid":{"rendered":"https:\/\/casaelalto.com\/?page_id=90"},"modified":"2023-09-05T18:17:54","modified_gmt":"2023-09-05T18:17:54","slug":"nosotros","status":"publish","type":"page","link":"https:\/\/casaelalto.com\/en\/nosotros\/","title":{"rendered":"Us"},"content":{"rendered":"<p id=\"Nosotros\">Somos una empresa familiar que ofrece estad\u00edas para parejas, familias o grupos grandes y chicos; en una caba\u00f1a en las monta\u00f1as de La Laguna de San Carlos, Panam\u00e1 Oeste.<\/p>","protected":false},"excerpt":{"rendered":"<p>Somos una empresa familiar que ofrece estad\u00edas para parejas, familias o grupos grandes y chicos; en una caba\u00f1a en las monta\u00f1as de La Laguna de San Carlos, Panam\u00e1 Oeste.<\/p>","protected":false},"author":1,"featured_media":0,"parent":0,"menu_order":0,"comment_status":"closed","ping_status":"closed","template":"","meta":{"footnotes":""},"class_list":["post-90","page","type-page","status-publish","hentry"],"_links":{"self":[{"href":"https:\/\/casaelalto.com\/en\/wp-json\/wp\/v2\/pages\/90"}],"collection":[{"href":"https:\/\/casaelalto.com\/en\/wp-json\/wp\/v2\/pages"}],"about":[{"href":"https:\/\/casaelalto.com\/en\/wp-json\/wp\/v2\/types\/page"}],"author":[{"embeddable":true,"href":"https:\/\/casaelalto.com\/en\/wp-json\/wp\/v2\/users\/1"}],"replies":[{"embeddable":true,"href":"https:\/\/casaelalto.com\/en\/wp-json\/wp\/v2\/comments?post=90"}],"version-history":[{"count":1,"href":"https:\/\/casaelalto.com\/en\/wp-json\/wp\/v2\/pages\/90\/revisions"}],"predecessor-version":[{"id":91,"href":"https:\/\/casaelalto.com\/en\/wp-json\/wp\/v2\/pages\/90\/revisions\/91"}],"wp:attachment":[{"href":"https:\/\/casaelalto.com\/en\/wp-json\/wp\/v2\/media?parent=90"}],"curies":[{"name":"wp","href":"https:\/\/api.w.org\/{rel}","templated":true}]}}