{"id":230,"date":"2023-09-10T00:00:53","date_gmt":"2023-09-10T00:00:53","guid":{"rendered":"https:\/\/casaelalto.com\/?page_id=230"},"modified":"2023-09-10T00:00:54","modified_gmt":"2023-09-10T00:00:54","slug":"transporte","status":"publish","type":"page","link":"https:\/\/casaelalto.com\/en\/transporte\/","title":{"rendered":"Transporte"},"content":{"rendered":"<p>\u00bfQuieres visitarnos pero no tienes transporte?; \u00bfTe gusta viajar c\u00f3modo y sin preocupaciones?.<\/p>\n\n\n\n<p>Casa Elalto Panam\u00e1 te brinda el servicio de transporte desde un punto fijo asta la caba\u00f1a y desde la caba\u00f1a asta un punto fijo.<\/p>\n\n\n\n<p>Puntos fijos:<\/p>\n\n\n\n<ul class=\"wp-block-list\">\n<li>Albrook Moll.<\/li>\n\n\n\n<li>Westlan Moll.<\/li>\n\n\n\n<li>Coronado Moll.<\/li>\n<\/ul>\n\n\n\n<p><\/p>\n\n\n\n<p>Si nos vistas desde el extranjero puedes contar con que te vamos a buscar a los diferentes aeropuerto como lo son:<\/p>\n\n\n\n<ul class=\"wp-block-list\">\n<li>Aeropuerto de Tocumen<\/li>\n<\/ul>\n\n\n\n<ul class=\"wp-block-list\">\n<li>Aeropuerto de Panam\u00e1 Pacifico.<\/li>\n\n\n\n<li>Aeropuerto de Rio Hato.<\/li>\n<\/ul>","protected":false},"excerpt":{"rendered":"<p>\u00bfQuieres visitarnos pero no tienes transporte?; \u00bfTe gusta viajar c\u00f3modo y sin preocupaciones?. Casa Elalto Panam\u00e1 te brinda el servicio de transporte desde un punto fijo asta la caba\u00f1a y desde la caba\u00f1a asta un punto fijo. Puntos fijos: Si nos vistas desde el extranjero puedes contar con que te vamos a buscar a los &hellip; <\/p>\n<p class=\"link-more\"><a href=\"https:\/\/casaelalto.com\/en\/transporte\/\" class=\"more-link\">Continue reading<span class=\"screen-reader-text\"> \u00abTransporte\u00bb<\/span><\/a><\/p>","protected":false},"author":1,"featured_media":0,"parent":0,"menu_order":0,"comment_status":"closed","ping_status":"closed","template":"","meta":{"footnotes":""},"class_list":["post-230","page","type-page","status-publish","hentry"],"_links":{"self":[{"href":"https:\/\/casaelalto.com\/en\/wp-json\/wp\/v2\/pages\/230"}],"collection":[{"href":"https:\/\/casaelalto.com\/en\/wp-json\/wp\/v2\/pages"}],"about":[{"href":"https:\/\/casaelalto.com\/en\/wp-json\/wp\/v2\/types\/page"}],"author":[{"embeddable":true,"href":"https:\/\/casaelalto.com\/en\/wp-json\/wp\/v2\/users\/1"}],"replies":[{"embeddable":true,"href":"https:\/\/casaelalto.com\/en\/wp-json\/wp\/v2\/comments?post=230"}],"version-history":[{"count":1,"href":"https:\/\/casaelalto.com\/en\/wp-json\/wp\/v2\/pages\/230\/revisions"}],"predecessor-version":[{"id":231,"href":"https:\/\/casaelalto.com\/en\/wp-json\/wp\/v2\/pages\/230\/revisions\/231"}],"wp:attachment":[{"href":"https:\/\/casaelalto.com\/en\/wp-json\/wp\/v2\/media?parent=230"}],"curies":[{"name":"wp","href":"https:\/\/api.w.org\/{rel}","templated":true}]}}