{"id":225,"date":"2023-09-09T23:51:26","date_gmt":"2023-09-09T23:51:26","guid":{"rendered":"https:\/\/casaelalto.com\/?page_id=225"},"modified":"2025-04-07T23:05:52","modified_gmt":"2025-04-07T23:05:52","slug":"estacionamiento-privado","status":"publish","type":"page","link":"https:\/\/casaelalto.com\/en\/estacionamiento-privado\/","title":{"rendered":"Estacionamiento Privado"},"content":{"rendered":"<p class=\"has-text-align-center\">Nuestra propiedad cuenta con estacionamientos privados con capacidad de asta 4 autos. Cementado para mayor tracci\u00f3n con las llantas de su auto en temporada de lluvias y decorado con hermosas plantas y palmas reci\u00e9n sembradas.<\/p>\n\n\n\n<figure class=\"wp-block-image size-large\"><img loading=\"lazy\" decoding=\"async\" width=\"1024\" height=\"683\" src=\"http:\/\/casaelalto.com\/wp-content\/uploads\/2025\/04\/Estacionamiento-1024x683.jpg\" alt=\"\" class=\"wp-image-638\" srcset=\"https:\/\/casaelalto.com\/wp-content\/uploads\/2025\/04\/Estacionamiento-1024x683.jpg 1024w, https:\/\/casaelalto.com\/wp-content\/uploads\/2025\/04\/Estacionamiento-300x200.jpg 300w, https:\/\/casaelalto.com\/wp-content\/uploads\/2025\/04\/Estacionamiento-768x512.jpg 768w, https:\/\/casaelalto.com\/wp-content\/uploads\/2025\/04\/Estacionamiento-1536x1024.jpg 1536w, https:\/\/casaelalto.com\/wp-content\/uploads\/2025\/04\/Estacionamiento-2048x1365.jpg 2048w, https:\/\/casaelalto.com\/wp-content\/uploads\/2025\/04\/Estacionamiento-18x12.jpg 18w\" sizes=\"(max-width: 1024px) 100vw, 1024px\" \/><\/figure>\n\n\n\n<p class=\"has-text-align-center\">Pr\u00e1cticamente junto a la infraestructura de la propiedad, no tendr\u00e1s que preocuparte por la seguridad de tu autom\u00f3vil.<\/p>\n\n\n\n<figure class=\"wp-block-image size-large\"><img loading=\"lazy\" decoding=\"async\" width=\"1024\" height=\"683\" src=\"http:\/\/casaelalto.com\/wp-content\/uploads\/2025\/04\/Estacionamiento-2-1024x683.jpg\" alt=\"\" class=\"wp-image-637\" srcset=\"https:\/\/casaelalto.com\/wp-content\/uploads\/2025\/04\/Estacionamiento-2-1024x683.jpg 1024w, https:\/\/casaelalto.com\/wp-content\/uploads\/2025\/04\/Estacionamiento-2-300x200.jpg 300w, https:\/\/casaelalto.com\/wp-content\/uploads\/2025\/04\/Estacionamiento-2-768x512.jpg 768w, https:\/\/casaelalto.com\/wp-content\/uploads\/2025\/04\/Estacionamiento-2-1536x1024.jpg 1536w, https:\/\/casaelalto.com\/wp-content\/uploads\/2025\/04\/Estacionamiento-2-2048x1365.jpg 2048w, https:\/\/casaelalto.com\/wp-content\/uploads\/2025\/04\/Estacionamiento-2-18x12.jpg 18w\" sizes=\"(max-width: 1024px) 100vw, 1024px\" \/><\/figure>","protected":false},"excerpt":{"rendered":"<p>Nuestra propiedad cuenta con estacionamientos privados con capacidad de asta 4 autos. Cementado para mayor tracci\u00f3n con las llantas de su auto en temporada de lluvias y decorado con hermosas plantas y palmas reci\u00e9n sembradas. Pr\u00e1cticamente junto a la infraestructura de la propiedad, no tendr\u00e1s que preocuparte por la seguridad de tu autom\u00f3vil.<\/p>","protected":false},"author":1,"featured_media":0,"parent":0,"menu_order":0,"comment_status":"closed","ping_status":"closed","template":"","meta":{"footnotes":""},"class_list":["post-225","page","type-page","status-publish","hentry"],"_links":{"self":[{"href":"https:\/\/casaelalto.com\/en\/wp-json\/wp\/v2\/pages\/225"}],"collection":[{"href":"https:\/\/casaelalto.com\/en\/wp-json\/wp\/v2\/pages"}],"about":[{"href":"https:\/\/casaelalto.com\/en\/wp-json\/wp\/v2\/types\/page"}],"author":[{"embeddable":true,"href":"https:\/\/casaelalto.com\/en\/wp-json\/wp\/v2\/users\/1"}],"replies":[{"embeddable":true,"href":"https:\/\/casaelalto.com\/en\/wp-json\/wp\/v2\/comments?post=225"}],"version-history":[{"count":2,"href":"https:\/\/casaelalto.com\/en\/wp-json\/wp\/v2\/pages\/225\/revisions"}],"predecessor-version":[{"id":639,"href":"https:\/\/casaelalto.com\/en\/wp-json\/wp\/v2\/pages\/225\/revisions\/639"}],"wp:attachment":[{"href":"https:\/\/casaelalto.com\/en\/wp-json\/wp\/v2\/media?parent=225"}],"curies":[{"name":"wp","href":"https:\/\/api.w.org\/{rel}","templated":true}]}}