{"id":217,"date":"2023-09-09T21:53:34","date_gmt":"2023-09-09T21:53:34","guid":{"rendered":"https:\/\/casaelalto.com\/?page_id=217"},"modified":"2025-04-07T22:41:16","modified_gmt":"2025-04-07T22:41:16","slug":"terraza","status":"publish","type":"page","link":"https:\/\/casaelalto.com\/en\/terraza\/","title":{"rendered":"Terraza"},"content":{"rendered":"<p>Para los amantes del sol, la brisa, las estrellas y los mejores spots; habilitamos una hermosa terraza con vista a las monta\u00f1as y vista al mar.<\/p>\n\n\n\n<p>Donde puedes acampar, descansar, tomar el sol o realizar actividades familiares. Con una incre\u00edble vista panor\u00e1mica de el sector mas tur\u00edstico de La Laguna de San Carlos. Por ahora solo para adultos, pronto estar\u00e1 totalmente terminada.<\/p>","protected":false},"excerpt":{"rendered":"<p>Para los amantes del sol, la brisa, las estrellas y los mejores spots; habilitamos una hermosa terraza con vista a las monta\u00f1as y vista al mar. Donde puedes acampar, descansar, tomar el sol o realizar actividades familiares. Con una incre\u00edble vista panor\u00e1mica de el sector mas tur\u00edstico de La Laguna de San Carlos. Por ahora &hellip; <\/p>\n<p class=\"link-more\"><a href=\"https:\/\/casaelalto.com\/en\/terraza\/\" class=\"more-link\">Continue reading<span class=\"screen-reader-text\"> \u00abTerraza\u00bb<\/span><\/a><\/p>","protected":false},"author":1,"featured_media":0,"parent":0,"menu_order":0,"comment_status":"closed","ping_status":"closed","template":"","meta":{"footnotes":""},"class_list":["post-217","page","type-page","status-publish","hentry"],"_links":{"self":[{"href":"https:\/\/casaelalto.com\/en\/wp-json\/wp\/v2\/pages\/217"}],"collection":[{"href":"https:\/\/casaelalto.com\/en\/wp-json\/wp\/v2\/pages"}],"about":[{"href":"https:\/\/casaelalto.com\/en\/wp-json\/wp\/v2\/types\/page"}],"author":[{"embeddable":true,"href":"https:\/\/casaelalto.com\/en\/wp-json\/wp\/v2\/users\/1"}],"replies":[{"embeddable":true,"href":"https:\/\/casaelalto.com\/en\/wp-json\/wp\/v2\/comments?post=217"}],"version-history":[{"count":3,"href":"https:\/\/casaelalto.com\/en\/wp-json\/wp\/v2\/pages\/217\/revisions"}],"predecessor-version":[{"id":632,"href":"https:\/\/casaelalto.com\/en\/wp-json\/wp\/v2\/pages\/217\/revisions\/632"}],"wp:attachment":[{"href":"https:\/\/casaelalto.com\/en\/wp-json\/wp\/v2\/media?parent=217"}],"curies":[{"name":"wp","href":"https:\/\/api.w.org\/{rel}","templated":true}]}}