{"id":210,"date":"2023-09-09T21:50:05","date_gmt":"2023-09-09T21:50:05","guid":{"rendered":"https:\/\/casaelalto.com\/?page_id=210"},"modified":"2023-09-09T21:50:06","modified_gmt":"2023-09-09T21:50:06","slug":"politicas-de-sostenibilidad","status":"publish","type":"page","link":"https:\/\/casaelalto.com\/en\/politicas-de-sostenibilidad\/","title":{"rendered":"POL\u00cdTICAS DE SOSTENIBILIDAD"},"content":{"rendered":"<p><em>Brindar servicio de alojamiento y atractivos tur\u00edsticos sustentados en est\u00e1ndares internacionales de calidad y buenas pr\u00e1cticas de turismo sostenible garantizando la conservaci\u00f3n del ambiente y la satisfacci\u00f3n de nuestros clientes.<\/em><\/p>","protected":false},"excerpt":{"rendered":"<p>Brindar servicio de alojamiento y atractivos tur\u00edsticos sustentados en est\u00e1ndares internacionales de calidad y buenas pr\u00e1cticas de turismo sostenible garantizando la conservaci\u00f3n del ambiente y la satisfacci\u00f3n de nuestros clientes.<\/p>","protected":false},"author":1,"featured_media":0,"parent":0,"menu_order":0,"comment_status":"closed","ping_status":"closed","template":"","meta":{"footnotes":""},"class_list":["post-210","page","type-page","status-publish","hentry"],"_links":{"self":[{"href":"https:\/\/casaelalto.com\/en\/wp-json\/wp\/v2\/pages\/210"}],"collection":[{"href":"https:\/\/casaelalto.com\/en\/wp-json\/wp\/v2\/pages"}],"about":[{"href":"https:\/\/casaelalto.com\/en\/wp-json\/wp\/v2\/types\/page"}],"author":[{"embeddable":true,"href":"https:\/\/casaelalto.com\/en\/wp-json\/wp\/v2\/users\/1"}],"replies":[{"embeddable":true,"href":"https:\/\/casaelalto.com\/en\/wp-json\/wp\/v2\/comments?post=210"}],"version-history":[{"count":1,"href":"https:\/\/casaelalto.com\/en\/wp-json\/wp\/v2\/pages\/210\/revisions"}],"predecessor-version":[{"id":211,"href":"https:\/\/casaelalto.com\/en\/wp-json\/wp\/v2\/pages\/210\/revisions\/211"}],"wp:attachment":[{"href":"https:\/\/casaelalto.com\/en\/wp-json\/wp\/v2\/media?parent=210"}],"curies":[{"name":"wp","href":"https:\/\/api.w.org\/{rel}","templated":true}]}}