{"id":203,"date":"2023-09-09T21:45:33","date_gmt":"2023-09-09T21:45:33","guid":{"rendered":"https:\/\/casaelalto.com\/?page_id=203"},"modified":"2023-09-09T21:46:23","modified_gmt":"2023-09-09T21:46:23","slug":"mision","status":"publish","type":"page","link":"https:\/\/casaelalto.com\/en\/mision\/","title":{"rendered":"Misi\u00f3n"},"content":{"rendered":"<p><em>Brindar un servicio de alojamiento y descanso en Panam\u00e1,\u00a0 con est\u00e1ndares de calidad y buenas pr\u00e1cticas del turismo, garantizando la satisfacci\u00f3n de nuestros clientes nacionales y extranjeros.<\/em><\/p>","protected":false},"excerpt":{"rendered":"<p>Brindar un servicio de alojamiento y descanso en Panam\u00e1,\u00a0 con est\u00e1ndares de calidad y buenas pr\u00e1cticas del turismo, garantizando la satisfacci\u00f3n de nuestros clientes nacionales y extranjeros.<\/p>","protected":false},"author":1,"featured_media":0,"parent":0,"menu_order":0,"comment_status":"closed","ping_status":"closed","template":"","meta":{"footnotes":""},"class_list":["post-203","page","type-page","status-publish","hentry"],"_links":{"self":[{"href":"https:\/\/casaelalto.com\/en\/wp-json\/wp\/v2\/pages\/203"}],"collection":[{"href":"https:\/\/casaelalto.com\/en\/wp-json\/wp\/v2\/pages"}],"about":[{"href":"https:\/\/casaelalto.com\/en\/wp-json\/wp\/v2\/types\/page"}],"author":[{"embeddable":true,"href":"https:\/\/casaelalto.com\/en\/wp-json\/wp\/v2\/users\/1"}],"replies":[{"embeddable":true,"href":"https:\/\/casaelalto.com\/en\/wp-json\/wp\/v2\/comments?post=203"}],"version-history":[{"count":2,"href":"https:\/\/casaelalto.com\/en\/wp-json\/wp\/v2\/pages\/203\/revisions"}],"predecessor-version":[{"id":205,"href":"https:\/\/casaelalto.com\/en\/wp-json\/wp\/v2\/pages\/203\/revisions\/205"}],"wp:attachment":[{"href":"https:\/\/casaelalto.com\/en\/wp-json\/wp\/v2\/media?parent=203"}],"curies":[{"name":"wp","href":"https:\/\/api.w.org\/{rel}","templated":true}]}}