{"id":201,"date":"2023-09-09T21:44:44","date_gmt":"2023-09-09T21:44:44","guid":{"rendered":"https:\/\/casaelalto.com\/?page_id=201"},"modified":"2023-09-09T21:48:09","modified_gmt":"2023-09-09T21:48:09","slug":"vision","status":"publish","type":"page","link":"https:\/\/casaelalto.com\/en\/vision\/","title":{"rendered":"Visi\u00f3n"},"content":{"rendered":"<p><em>Ofrecer un excelente servicio de alojamiento, descanso y con acceso a atractivos tur\u00edsticos, brindando servicios con altos est\u00e1ndares de calidad y buenas pr\u00e1cticas de Turismo,\u00a0 contando con un capital humano que permita alcanzar la satisfacci\u00f3n de nuestros clientes, nacionales y extranjeros.<\/em><\/p>","protected":false},"excerpt":{"rendered":"<p>Ofrecer un excelente servicio de alojamiento, descanso y con acceso a atractivos tur\u00edsticos, brindando servicios con altos est\u00e1ndares de calidad y buenas pr\u00e1cticas de Turismo,\u00a0 contando con un capital humano que permita alcanzar la satisfacci\u00f3n de nuestros clientes, nacionales y extranjeros.<\/p>","protected":false},"author":1,"featured_media":0,"parent":0,"menu_order":0,"comment_status":"closed","ping_status":"closed","template":"","meta":{"footnotes":""},"class_list":["post-201","page","type-page","status-publish","hentry"],"_links":{"self":[{"href":"https:\/\/casaelalto.com\/en\/wp-json\/wp\/v2\/pages\/201"}],"collection":[{"href":"https:\/\/casaelalto.com\/en\/wp-json\/wp\/v2\/pages"}],"about":[{"href":"https:\/\/casaelalto.com\/en\/wp-json\/wp\/v2\/types\/page"}],"author":[{"embeddable":true,"href":"https:\/\/casaelalto.com\/en\/wp-json\/wp\/v2\/users\/1"}],"replies":[{"embeddable":true,"href":"https:\/\/casaelalto.com\/en\/wp-json\/wp\/v2\/comments?post=201"}],"version-history":[{"count":2,"href":"https:\/\/casaelalto.com\/en\/wp-json\/wp\/v2\/pages\/201\/revisions"}],"predecessor-version":[{"id":207,"href":"https:\/\/casaelalto.com\/en\/wp-json\/wp\/v2\/pages\/201\/revisions\/207"}],"wp:attachment":[{"href":"https:\/\/casaelalto.com\/en\/wp-json\/wp\/v2\/media?parent=201"}],"curies":[{"name":"wp","href":"https:\/\/api.w.org\/{rel}","templated":true}]}}