{"id":192,"date":"2023-09-09T21:30:40","date_gmt":"2023-09-09T21:30:40","guid":{"rendered":"https:\/\/casaelalto.com\/?page_id=192"},"modified":"2023-09-09T21:30:41","modified_gmt":"2023-09-09T21:30:41","slug":"estadias","status":"publish","type":"page","link":"https:\/\/casaelalto.com\/en\/estadias\/","title":{"rendered":"Estad\u00edas"},"content":{"rendered":"<p>Las estad\u00edas tienen un horario de entrada 3:00 pm y una salida de 12:00 md del d\u00eda siguiente.<\/p>\n\n\n\n<p>Los precios inician en 60.00 d\u00f3lares por dos personas y se aumentan en 25.00 d\u00f3lares por cada persona adicional.<\/p>","protected":false},"excerpt":{"rendered":"<p>Las estad\u00edas tienen un horario de entrada 3:00 pm y una salida de 12:00 md del d\u00eda siguiente. Los precios inician en 60.00 d\u00f3lares por dos personas y se aumentan en 25.00 d\u00f3lares por cada persona adicional.<\/p>","protected":false},"author":1,"featured_media":0,"parent":0,"menu_order":0,"comment_status":"closed","ping_status":"closed","template":"","meta":{"footnotes":""},"class_list":["post-192","page","type-page","status-publish","hentry"],"_links":{"self":[{"href":"https:\/\/casaelalto.com\/en\/wp-json\/wp\/v2\/pages\/192"}],"collection":[{"href":"https:\/\/casaelalto.com\/en\/wp-json\/wp\/v2\/pages"}],"about":[{"href":"https:\/\/casaelalto.com\/en\/wp-json\/wp\/v2\/types\/page"}],"author":[{"embeddable":true,"href":"https:\/\/casaelalto.com\/en\/wp-json\/wp\/v2\/users\/1"}],"replies":[{"embeddable":true,"href":"https:\/\/casaelalto.com\/en\/wp-json\/wp\/v2\/comments?post=192"}],"version-history":[{"count":1,"href":"https:\/\/casaelalto.com\/en\/wp-json\/wp\/v2\/pages\/192\/revisions"}],"predecessor-version":[{"id":193,"href":"https:\/\/casaelalto.com\/en\/wp-json\/wp\/v2\/pages\/192\/revisions\/193"}],"wp:attachment":[{"href":"https:\/\/casaelalto.com\/en\/wp-json\/wp\/v2\/media?parent=192"}],"curies":[{"name":"wp","href":"https:\/\/api.w.org\/{rel}","templated":true}]}}