{"id":176,"date":"2023-09-06T17:05:31","date_gmt":"2023-09-06T17:05:31","guid":{"rendered":"https:\/\/casaelalto.com\/?page_id=176"},"modified":"2023-09-06T17:05:31","modified_gmt":"2023-09-06T17:05:31","slug":"precios","status":"publish","type":"page","link":"https:\/\/casaelalto.com\/en\/precios\/","title":{"rendered":"Prices"},"content":{"rendered":"<p>Tenemos excelentes precios que te dejaran convencido de que nuestra caba\u00f1a no solo es la mejor del sector, si no tambi\u00e9n la mas econ\u00f3mica.<\/p>\n\n\n\n<p>Pensando en ti hemos disminuido los precios anteriores.<\/p>\n\n\n\n<p>Chatea con nosotros sin compromiso al 507+ 6770-2719<\/p>\n\n\n\n<p>Si nos encontraste desde esta web, p\u00eddenos el descuento especial.<\/p>","protected":false},"excerpt":{"rendered":"<p>Tenemos excelentes precios que te dejaran convencido de que nuestra caba\u00f1a no solo es la mejor del sector, si no tambi\u00e9n la mas econ\u00f3mica. Pensando en ti hemos disminuido los precios anteriores. Chatea con nosotros sin compromiso al 507+ 6770-2719 Si nos encontraste desde esta web, p\u00eddenos el descuento especial.<\/p>","protected":false},"author":1,"featured_media":0,"parent":0,"menu_order":0,"comment_status":"closed","ping_status":"closed","template":"","meta":{"footnotes":""},"class_list":["post-176","page","type-page","status-publish","hentry"],"_links":{"self":[{"href":"https:\/\/casaelalto.com\/en\/wp-json\/wp\/v2\/pages\/176"}],"collection":[{"href":"https:\/\/casaelalto.com\/en\/wp-json\/wp\/v2\/pages"}],"about":[{"href":"https:\/\/casaelalto.com\/en\/wp-json\/wp\/v2\/types\/page"}],"author":[{"embeddable":true,"href":"https:\/\/casaelalto.com\/en\/wp-json\/wp\/v2\/users\/1"}],"replies":[{"embeddable":true,"href":"https:\/\/casaelalto.com\/en\/wp-json\/wp\/v2\/comments?post=176"}],"version-history":[{"count":1,"href":"https:\/\/casaelalto.com\/en\/wp-json\/wp\/v2\/pages\/176\/revisions"}],"predecessor-version":[{"id":177,"href":"https:\/\/casaelalto.com\/en\/wp-json\/wp\/v2\/pages\/176\/revisions\/177"}],"wp:attachment":[{"href":"https:\/\/casaelalto.com\/en\/wp-json\/wp\/v2\/media?parent=176"}],"curies":[{"name":"wp","href":"https:\/\/api.w.org\/{rel}","templated":true}]}}