{"id":162,"date":"2023-09-06T16:42:38","date_gmt":"2023-09-06T16:42:38","guid":{"rendered":"https:\/\/casaelalto.com\/?page_id=162"},"modified":"2023-09-06T16:42:39","modified_gmt":"2023-09-06T16:42:39","slug":"wifi","status":"publish","type":"page","link":"https:\/\/casaelalto.com\/en\/wifi\/","title":{"rendered":"Wifi"},"content":{"rendered":"<p>Tenemos a disposici\u00f3n wifi en toda la propiedad. De alta velocidad y estable con la compa\u00f1\u00eda StarLink.<\/p>\n\n\n\n<p>No tendr\u00e1s que preocuparte por realizar tus tareas, trabajar desde casa o comunicarte con tus familiares.<\/p>","protected":false},"excerpt":{"rendered":"<p>Tenemos a disposici\u00f3n wifi en toda la propiedad. De alta velocidad y estable con la compa\u00f1\u00eda StarLink. No tendr\u00e1s que preocuparte por realizar tus tareas, trabajar desde casa o comunicarte con tus familiares.<\/p>","protected":false},"author":1,"featured_media":0,"parent":0,"menu_order":0,"comment_status":"closed","ping_status":"closed","template":"","meta":{"footnotes":""},"class_list":["post-162","page","type-page","status-publish","hentry"],"_links":{"self":[{"href":"https:\/\/casaelalto.com\/en\/wp-json\/wp\/v2\/pages\/162"}],"collection":[{"href":"https:\/\/casaelalto.com\/en\/wp-json\/wp\/v2\/pages"}],"about":[{"href":"https:\/\/casaelalto.com\/en\/wp-json\/wp\/v2\/types\/page"}],"author":[{"embeddable":true,"href":"https:\/\/casaelalto.com\/en\/wp-json\/wp\/v2\/users\/1"}],"replies":[{"embeddable":true,"href":"https:\/\/casaelalto.com\/en\/wp-json\/wp\/v2\/comments?post=162"}],"version-history":[{"count":1,"href":"https:\/\/casaelalto.com\/en\/wp-json\/wp\/v2\/pages\/162\/revisions"}],"predecessor-version":[{"id":163,"href":"https:\/\/casaelalto.com\/en\/wp-json\/wp\/v2\/pages\/162\/revisions\/163"}],"wp:attachment":[{"href":"https:\/\/casaelalto.com\/en\/wp-json\/wp\/v2\/media?parent=162"}],"curies":[{"name":"wp","href":"https:\/\/api.w.org\/{rel}","templated":true}]}}