{"id":159,"date":"2023-09-06T16:40:23","date_gmt":"2023-09-06T16:40:23","guid":{"rendered":"https:\/\/casaelalto.com\/?page_id=159"},"modified":"2025-11-11T00:04:35","modified_gmt":"2025-11-11T00:04:35","slug":"bano","status":"publish","type":"page","link":"https:\/\/casaelalto.com\/en\/bano\/","title":{"rendered":"Bathroom"},"content":{"rendered":"<p class=\"has-text-align-center\">We have a beautiful mountain-style bathroom. With incredible decorations that will make you feel like you're in the forest, while you enjoy water from springs in the high hills of La Laguna de San Carlos.<\/p>\n\n\n\n<p class=\"has-text-align-center\">We recently installed hot water for the greater relaxation and enjoyment of our customers. Liquid soap and hair conditioner are also available.<\/p>\n\n\n\n<p class=\"has-text-align-center\">With a floor filled with decorative stones, so you can have a bathing experience like our ancestors did in our community, but in the comfort of a private property.<\/p>\n\n\n\n<figure class=\"wp-block-gallery has-nested-images columns-default is-cropped wp-block-gallery-1 is-layout-flex wp-block-gallery-is-layout-flex\">\n<figure class=\"wp-block-image size-large\"><img loading=\"lazy\" decoding=\"async\" width=\"1024\" height=\"683\" data-id=\"160\" src=\"https:\/\/casaelalto.com\/wp-content\/uploads\/2023\/09\/Pareja-3-1024x683.jpg\" alt=\"\" class=\"wp-image-160\" srcset=\"https:\/\/casaelalto.com\/wp-content\/uploads\/2023\/09\/Pareja-3-1024x683.jpg 1024w, https:\/\/casaelalto.com\/wp-content\/uploads\/2023\/09\/Pareja-3-300x200.jpg 300w, https:\/\/casaelalto.com\/wp-content\/uploads\/2023\/09\/Pareja-3-768x512.jpg 768w, https:\/\/casaelalto.com\/wp-content\/uploads\/2023\/09\/Pareja-3-1536x1024.jpg 1536w, https:\/\/casaelalto.com\/wp-content\/uploads\/2023\/09\/Pareja-3.jpg 1920w\" sizes=\"(max-width: 1024px) 100vw, 1024px\" \/><\/figure>\n\n\n\n<figure class=\"wp-block-image size-large\"><img loading=\"lazy\" decoding=\"async\" width=\"1024\" height=\"683\" data-id=\"685\" src=\"https:\/\/casaelalto.com\/wp-content\/uploads\/2025\/11\/647166251.jpg\" alt=\"\" class=\"wp-image-685\" srcset=\"https:\/\/casaelalto.com\/wp-content\/uploads\/2025\/11\/647166251.jpg 1024w, https:\/\/casaelalto.com\/wp-content\/uploads\/2025\/11\/647166251-300x200.jpg 300w, https:\/\/casaelalto.com\/wp-content\/uploads\/2025\/11\/647166251-768x512.jpg 768w, https:\/\/casaelalto.com\/wp-content\/uploads\/2025\/11\/647166251-18x12.jpg 18w\" sizes=\"(max-width: 1024px) 100vw, 1024px\" \/><\/figure>\n\n\n\n<figure class=\"wp-block-image size-large\"><img loading=\"lazy\" decoding=\"async\" width=\"1024\" height=\"683\" data-id=\"682\" src=\"https:\/\/casaelalto.com\/wp-content\/uploads\/2025\/11\/647166268.jpg\" alt=\"\" class=\"wp-image-682\" srcset=\"https:\/\/casaelalto.com\/wp-content\/uploads\/2025\/11\/647166268.jpg 1024w, https:\/\/casaelalto.com\/wp-content\/uploads\/2025\/11\/647166268-300x200.jpg 300w, https:\/\/casaelalto.com\/wp-content\/uploads\/2025\/11\/647166268-768x512.jpg 768w, https:\/\/casaelalto.com\/wp-content\/uploads\/2025\/11\/647166268-18x12.jpg 18w\" sizes=\"(max-width: 1024px) 100vw, 1024px\" \/><\/figure>\n\n\n\n<figure class=\"wp-block-image size-large\"><img loading=\"lazy\" decoding=\"async\" width=\"1024\" height=\"683\" data-id=\"687\" src=\"https:\/\/casaelalto.com\/wp-content\/uploads\/2025\/11\/647327295.jpg\" alt=\"\" class=\"wp-image-687\" srcset=\"https:\/\/casaelalto.com\/wp-content\/uploads\/2025\/11\/647327295.jpg 1024w, https:\/\/casaelalto.com\/wp-content\/uploads\/2025\/11\/647327295-300x200.jpg 300w, https:\/\/casaelalto.com\/wp-content\/uploads\/2025\/11\/647327295-768x512.jpg 768w, https:\/\/casaelalto.com\/wp-content\/uploads\/2025\/11\/647327295-18x12.jpg 18w\" sizes=\"(max-width: 1024px) 100vw, 1024px\" \/><\/figure>\n\n\n\n<figure class=\"wp-block-image size-large\"><img loading=\"lazy\" decoding=\"async\" width=\"1024\" height=\"683\" data-id=\"686\" src=\"https:\/\/casaelalto.com\/wp-content\/uploads\/2025\/11\/647327620.jpg\" alt=\"\" class=\"wp-image-686\" srcset=\"https:\/\/casaelalto.com\/wp-content\/uploads\/2025\/11\/647327620.jpg 1024w, https:\/\/casaelalto.com\/wp-content\/uploads\/2025\/11\/647327620-300x200.jpg 300w, https:\/\/casaelalto.com\/wp-content\/uploads\/2025\/11\/647327620-768x512.jpg 768w, https:\/\/casaelalto.com\/wp-content\/uploads\/2025\/11\/647327620-18x12.jpg 18w\" sizes=\"(max-width: 1024px) 100vw, 1024px\" \/><\/figure>\n\n\n\n<figure class=\"wp-block-image size-large\"><img loading=\"lazy\" decoding=\"async\" width=\"512\" height=\"768\" data-id=\"683\" src=\"https:\/\/casaelalto.com\/wp-content\/uploads\/2025\/11\/647327644.jpg\" alt=\"\" class=\"wp-image-683\" srcset=\"https:\/\/casaelalto.com\/wp-content\/uploads\/2025\/11\/647327644.jpg 512w, https:\/\/casaelalto.com\/wp-content\/uploads\/2025\/11\/647327644-200x300.jpg 200w, https:\/\/casaelalto.com\/wp-content\/uploads\/2025\/11\/647327644-8x12.jpg 8w\" sizes=\"(max-width: 512px) 100vw, 512px\" \/><\/figure>\n\n\n\n<figure class=\"wp-block-image size-large\"><img loading=\"lazy\" decoding=\"async\" width=\"1024\" height=\"683\" data-id=\"684\" src=\"https:\/\/casaelalto.com\/wp-content\/uploads\/2025\/11\/647327647.jpg\" alt=\"\" class=\"wp-image-684\" srcset=\"https:\/\/casaelalto.com\/wp-content\/uploads\/2025\/11\/647327647.jpg 1024w, https:\/\/casaelalto.com\/wp-content\/uploads\/2025\/11\/647327647-300x200.jpg 300w, https:\/\/casaelalto.com\/wp-content\/uploads\/2025\/11\/647327647-768x512.jpg 768w, https:\/\/casaelalto.com\/wp-content\/uploads\/2025\/11\/647327647-18x12.jpg 18w\" sizes=\"(max-width: 1024px) 100vw, 1024px\" \/><\/figure>\n<\/figure>","protected":false},"excerpt":{"rendered":"<p>Contamos con un hermoso ba\u00f1o estilo monta\u00f1a. Con decoraciones incre\u00edbles que te har\u00e1n creer que estas en el bosque, mientras disfrutas del agua proveniente de manantiales en las altas colinas de La Laguna de San Carlos. Recientemente habilitamos el agua caliente para mayor relajaci\u00f3n y disfrute de nuestros clientes. Contamos con disponibilidad de jab\u00f3n liquido &hellip; <\/p>\n<p class=\"link-more\"><a href=\"https:\/\/casaelalto.com\/en\/bano\/\" class=\"more-link\">Continue reading<span class=\"screen-reader-text\"> \u00abBa\u00f1o\u00bb<\/span><\/a><\/p>","protected":false},"author":1,"featured_media":0,"parent":0,"menu_order":0,"comment_status":"closed","ping_status":"closed","template":"","meta":{"footnotes":""},"class_list":["post-159","page","type-page","status-publish","hentry"],"_links":{"self":[{"href":"https:\/\/casaelalto.com\/en\/wp-json\/wp\/v2\/pages\/159"}],"collection":[{"href":"https:\/\/casaelalto.com\/en\/wp-json\/wp\/v2\/pages"}],"about":[{"href":"https:\/\/casaelalto.com\/en\/wp-json\/wp\/v2\/types\/page"}],"author":[{"embeddable":true,"href":"https:\/\/casaelalto.com\/en\/wp-json\/wp\/v2\/users\/1"}],"replies":[{"embeddable":true,"href":"https:\/\/casaelalto.com\/en\/wp-json\/wp\/v2\/comments?post=159"}],"version-history":[{"count":5,"href":"https:\/\/casaelalto.com\/en\/wp-json\/wp\/v2\/pages\/159\/revisions"}],"predecessor-version":[{"id":688,"href":"https:\/\/casaelalto.com\/en\/wp-json\/wp\/v2\/pages\/159\/revisions\/688"}],"wp:attachment":[{"href":"https:\/\/casaelalto.com\/en\/wp-json\/wp\/v2\/media?parent=159"}],"curies":[{"name":"wp","href":"https:\/\/api.w.org\/{rel}","templated":true}]}}