{"id":107,"date":"2023-09-05T19:21:08","date_gmt":"2023-09-05T19:21:08","guid":{"rendered":"https:\/\/casaelalto.com\/?page_id=107"},"modified":"2025-04-08T00:39:34","modified_gmt":"2025-04-08T00:39:34","slug":"direccion","status":"publish","type":"page","link":"https:\/\/casaelalto.com\/en\/direccion\/","title":{"rendered":"Address"},"content":{"rendered":"<p>Nos ubicamos en La Laguna de San Carlos. Un hermoso pueblo perteneciente a la provincia de Panam\u00e1 Oeste. A solo una hora y 40 minutos de la ciudad de Panam\u00e1.<\/p>\n\n\n\n<p>Cerca de atractivos como las playas de San Carlos y Chame que se encuentran entre las mas visitadas del pa\u00eds. Tambi\u00e9n Coronado Mall con bancos, cines y supermercados a disposici\u00f3n.<\/p>\n\n\n\n<p><strong>Te queremos compartir la direcci\u00f3n por Google Maps:<\/strong><\/p>\n\n\n\n<iframe src=\"https:\/\/www.google.com\/maps\/embed?pb=!1m18!1m12!1m3!1d3944.725502670199!2d-80.0577525161477!3d8.6223299731265!2m3!1f0!2f0!3f0!3m2!1i1024!2i768!4f13.1!3m3!1m2!1s0x8facf52dc3d8de7f%3A0xd39d70a419253f1b!2sCasa%20Elalto%20Panam%C3%A1!5e0!3m2!1ses-419!2spa!4v1744070238615!5m2!1ses-419!2spa\" width=\"400\" height=\"250\" style=\"border:0;\" allowfullscreen=\"\" loading=\"lazy\" referrerpolicy=\"no-referrer-when-downgrade\"><\/iframe>\n\n\n\n<p>Si eres usuario de wase, tambi\u00e9n tenemos una opci\u00f3n para ti, solo coloca en el buscador de wase Casa Elalto Panam\u00e1 y te dirigir\u00e1 a una ubicaci\u00f3n parecida a esta.<\/p>\n\n\n\n<p>En el siguiente mapa puedes modificar su tama\u00f1o con los dedos y as\u00ed poder tener mejor perspectiva de el mapa.<\/p>\n\n\n\n<iframe loading=\"lazy\" src=\"https:\/\/embed.waze.com\/iframe?zoom=16&#038;lat=8.622340&#038;lon=-80.052777&#038;pin=1&#038;desc=1\" width=\"400\" height=\"250\" allowfullscreen><\/iframe>\n\n\n\n<p>Tambi\u00e9n puedes recibir indicaciones personalizadas por nuestro canal de whatsapp: <strong>+507 6770-2719<\/strong><\/p>","protected":false},"excerpt":{"rendered":"<p>Nos ubicamos en La Laguna de San Carlos. Un hermoso pueblo perteneciente a la provincia de Panam\u00e1 Oeste. A solo una hora y 40 minutos de la ciudad de Panam\u00e1. Cerca de atractivos como las playas de San Carlos y Chame que se encuentran entre las mas visitadas del pa\u00eds. Tambi\u00e9n Coronado Mall con bancos, &hellip; <\/p>\n<p class=\"link-more\"><a href=\"https:\/\/casaelalto.com\/en\/direccion\/\" class=\"more-link\">Continue reading<span class=\"screen-reader-text\"> \u00abDirecci\u00f3n\u00bb<\/span><\/a><\/p>","protected":false},"author":1,"featured_media":0,"parent":0,"menu_order":0,"comment_status":"closed","ping_status":"closed","template":"","meta":{"footnotes":""},"class_list":["post-107","page","type-page","status-publish","hentry"],"_links":{"self":[{"href":"https:\/\/casaelalto.com\/en\/wp-json\/wp\/v2\/pages\/107"}],"collection":[{"href":"https:\/\/casaelalto.com\/en\/wp-json\/wp\/v2\/pages"}],"about":[{"href":"https:\/\/casaelalto.com\/en\/wp-json\/wp\/v2\/types\/page"}],"author":[{"embeddable":true,"href":"https:\/\/casaelalto.com\/en\/wp-json\/wp\/v2\/users\/1"}],"replies":[{"embeddable":true,"href":"https:\/\/casaelalto.com\/en\/wp-json\/wp\/v2\/comments?post=107"}],"version-history":[{"count":7,"href":"https:\/\/casaelalto.com\/en\/wp-json\/wp\/v2\/pages\/107\/revisions"}],"predecessor-version":[{"id":651,"href":"https:\/\/casaelalto.com\/en\/wp-json\/wp\/v2\/pages\/107\/revisions\/651"}],"wp:attachment":[{"href":"https:\/\/casaelalto.com\/en\/wp-json\/wp\/v2\/media?parent=107"}],"curies":[{"name":"wp","href":"https:\/\/api.w.org\/{rel}","templated":true}]}}