{"id":103,"date":"2023-09-05T19:00:05","date_gmt":"2023-09-05T19:00:05","guid":{"rendered":"https:\/\/casaelalto.com\/?page_id=103"},"modified":"2025-11-10T23:57:41","modified_gmt":"2025-11-10T23:57:41","slug":"recamara","status":"publish","type":"page","link":"https:\/\/casaelalto.com\/en\/recamara\/","title":{"rendered":"Bedroom"},"content":{"rendered":"<p class=\"has-text-align-center\">Our bedroom is an artistic expression that reflects the great tourist and natural qualities of our beautiful community. It features panoramic paintings of the mountains of Cerro La Laguna and Cerro Picacho.<\/p>\n\n\n\n<p class=\"has-text-align-center\">A wooden queen bed with two bedside tables that perfectly match and fit the space.<\/p>\n\n\n\n<p class=\"has-text-align-center\">Each nightstand features a stylish and easy-to-use lamp. The light controls are also conveniently located. The climate in our property is generally cool, but if you require more privacy or need to adjust the temperature, we have air conditioning available.<\/p>\n\n\n\n<p class=\"has-text-align-center\">Our Smart TV offers access to national and international internet television, YouTube, Netflix, HBO Max, Disney+, Paramount+, Prime Video, and Apple TV. It's perfect for entertaining your family or enjoying a romantic evening with your favorite movies, shows, or series.<\/p>\n\n\n\n<p>We can't fail to mention the incredible view of Picacho Hill and La Laguna Hill. You won't want to miss it.<\/p>\n\n\n\n<div class=\"wp-block-group\"><div class=\"wp-block-group__inner-container is-layout-constrained wp-block-group-is-layout-constrained\">\n<figure class=\"wp-block-gallery has-nested-images columns-default is-cropped wp-block-gallery-1 is-layout-flex wp-block-gallery-is-layout-flex\">\n<figure class=\"wp-block-image size-large\"><img loading=\"lazy\" decoding=\"async\" width=\"1024\" height=\"683\" src=\"https:\/\/casaelalto.com\/wp-content\/uploads\/2023\/09\/cuarto-1024x683.jpg\" alt=\"\" class=\"wp-image-104\" srcset=\"https:\/\/casaelalto.com\/wp-content\/uploads\/2023\/09\/cuarto-1024x683.jpg 1024w, https:\/\/casaelalto.com\/wp-content\/uploads\/2023\/09\/cuarto-300x200.jpg 300w, https:\/\/casaelalto.com\/wp-content\/uploads\/2023\/09\/cuarto-768x512.jpg 768w, https:\/\/casaelalto.com\/wp-content\/uploads\/2023\/09\/cuarto-1536x1024.jpg 1536w, https:\/\/casaelalto.com\/wp-content\/uploads\/2023\/09\/cuarto.jpg 2048w\" sizes=\"(max-width: 1024px) 100vw, 1024px\" \/><\/figure>\n\n\n\n<figure class=\"wp-block-image size-large\"><img loading=\"lazy\" decoding=\"async\" width=\"1024\" height=\"683\" src=\"https:\/\/casaelalto.com\/wp-content\/uploads\/2025\/11\/647165387.jpg\" alt=\"\" class=\"wp-image-663\" srcset=\"https:\/\/casaelalto.com\/wp-content\/uploads\/2025\/11\/647165387.jpg 1024w, https:\/\/casaelalto.com\/wp-content\/uploads\/2025\/11\/647165387-300x200.jpg 300w, https:\/\/casaelalto.com\/wp-content\/uploads\/2025\/11\/647165387-768x512.jpg 768w, https:\/\/casaelalto.com\/wp-content\/uploads\/2025\/11\/647165387-18x12.jpg 18w\" sizes=\"(max-width: 1024px) 100vw, 1024px\" \/><\/figure>\n\n\n\n<figure class=\"wp-block-image size-large\"><img loading=\"lazy\" decoding=\"async\" width=\"1024\" height=\"683\" src=\"https:\/\/casaelalto.com\/wp-content\/uploads\/2025\/11\/647165933.jpg\" alt=\"\" class=\"wp-image-666\" srcset=\"https:\/\/casaelalto.com\/wp-content\/uploads\/2025\/11\/647165933.jpg 1024w, https:\/\/casaelalto.com\/wp-content\/uploads\/2025\/11\/647165933-300x200.jpg 300w, https:\/\/casaelalto.com\/wp-content\/uploads\/2025\/11\/647165933-768x512.jpg 768w, https:\/\/casaelalto.com\/wp-content\/uploads\/2025\/11\/647165933-18x12.jpg 18w\" sizes=\"(max-width: 1024px) 100vw, 1024px\" \/><\/figure>\n\n\n\n<figure class=\"wp-block-image size-large\"><img loading=\"lazy\" decoding=\"async\" width=\"1024\" height=\"683\" src=\"https:\/\/casaelalto.com\/wp-content\/uploads\/2025\/11\/647166260.jpg\" alt=\"\" class=\"wp-image-668\" srcset=\"https:\/\/casaelalto.com\/wp-content\/uploads\/2025\/11\/647166260.jpg 1024w, https:\/\/casaelalto.com\/wp-content\/uploads\/2025\/11\/647166260-300x200.jpg 300w, https:\/\/casaelalto.com\/wp-content\/uploads\/2025\/11\/647166260-768x512.jpg 768w, https:\/\/casaelalto.com\/wp-content\/uploads\/2025\/11\/647166260-18x12.jpg 18w\" sizes=\"(max-width: 1024px) 100vw, 1024px\" \/><\/figure>\n\n\n\n<figure class=\"wp-block-image size-large\"><img loading=\"lazy\" decoding=\"async\" width=\"1024\" height=\"683\" src=\"https:\/\/casaelalto.com\/wp-content\/uploads\/2025\/11\/Cama-1-1024x683.jpg\" alt=\"\" class=\"wp-image-672\" srcset=\"https:\/\/casaelalto.com\/wp-content\/uploads\/2025\/11\/Cama-1-1024x683.jpg 1024w, https:\/\/casaelalto.com\/wp-content\/uploads\/2025\/11\/Cama-1-300x200.jpg 300w, https:\/\/casaelalto.com\/wp-content\/uploads\/2025\/11\/Cama-1-768x512.jpg 768w, https:\/\/casaelalto.com\/wp-content\/uploads\/2025\/11\/Cama-1-1536x1025.jpg 1536w, https:\/\/casaelalto.com\/wp-content\/uploads\/2025\/11\/Cama-1-2048x1366.jpg 2048w, https:\/\/casaelalto.com\/wp-content\/uploads\/2025\/11\/Cama-1-18x12.jpg 18w\" sizes=\"(max-width: 1024px) 100vw, 1024px\" \/><\/figure>\n<\/figure>\n<\/div><\/div>","protected":false},"excerpt":{"rendered":"<p>Nuestra recamara es una expresi\u00f3n art\u00edstica que refleja las grandes cualidades tur\u00edsticas y naturales de nuestra hermosa comunidad. Con pinturas panor\u00e1micas de las monta\u00f1as del cerro La Laguna y cerro Picacho. Una cama Queen de madera con dos mesitas de noche que combinan perfecto y se amoldan al espacio. Cada mesita de noche cuenta con &hellip; <\/p>\n<p class=\"link-more\"><a href=\"https:\/\/casaelalto.com\/en\/recamara\/\" class=\"more-link\">Continue reading<span class=\"screen-reader-text\"> \u00abRecamara\u00bb<\/span><\/a><\/p>","protected":false},"author":1,"featured_media":0,"parent":0,"menu_order":0,"comment_status":"closed","ping_status":"closed","template":"","meta":{"footnotes":""},"class_list":["post-103","page","type-page","status-publish","hentry"],"_links":{"self":[{"href":"https:\/\/casaelalto.com\/en\/wp-json\/wp\/v2\/pages\/103"}],"collection":[{"href":"https:\/\/casaelalto.com\/en\/wp-json\/wp\/v2\/pages"}],"about":[{"href":"https:\/\/casaelalto.com\/en\/wp-json\/wp\/v2\/types\/page"}],"author":[{"embeddable":true,"href":"https:\/\/casaelalto.com\/en\/wp-json\/wp\/v2\/users\/1"}],"replies":[{"embeddable":true,"href":"https:\/\/casaelalto.com\/en\/wp-json\/wp\/v2\/comments?post=103"}],"version-history":[{"count":6,"href":"https:\/\/casaelalto.com\/en\/wp-json\/wp\/v2\/pages\/103\/revisions"}],"predecessor-version":[{"id":675,"href":"https:\/\/casaelalto.com\/en\/wp-json\/wp\/v2\/pages\/103\/revisions\/675"}],"wp:attachment":[{"href":"https:\/\/casaelalto.com\/en\/wp-json\/wp\/v2\/media?parent=103"}],"curies":[{"name":"wp","href":"https:\/\/api.w.org\/{rel}","templated":true}]}}